{"id":1910,"date":"2018-12-28T00:31:54","date_gmt":"2018-12-28T00:31:54","guid":{"rendered":"https:\/\/www.campo-mar.cl\/transporte-turismo\/?page_id=1910"},"modified":"2020-05-25T01:42:55","modified_gmt":"2020-05-25T01:42:55","slug":"valparaiso-vina-del-mar","status":"publish","type":"page","link":"https:\/\/www.campo-mar.cl\/transporte-turismo\/valparaiso-vina-del-mar\/","title":{"rendered":"VALPARAISO &#038; VI\u00d1A DEL MAR"},"content":{"rendered":"<div class=\"fusion-fullwidth fullwidth-box fusion-builder-row-1 nonhundred-percent-fullwidth non-hundred-percent-height-scrolling\" style=\"background-color: rgba(255,255,255,0);background-position: center center;background-repeat: no-repeat;padding-top:0px;padding-right:0px;padding-bottom:0px;padding-left:0px;margin-bottom: 0px;border-width: 0px 0px 0px 0px;border-color:#eae9e9;border-style:solid;\" ><div class=\"fusion-builder-row fusion-row\"><div class=\"fusion-layout-column fusion_builder_column fusion-builder-column-0 fusion_builder_column_1_1 1_1 fusion-one-full fusion-column-first fusion-column-last\" style=\"margin-top:-20px;margin-bottom:20px;\"><div class=\"fusion-column-wrapper fusion-flex-column-wrapper-legacy\" style=\"background-position:left top;background-repeat:no-repeat;-webkit-background-size:cover;-moz-background-size:cover;-o-background-size:cover;background-size:cover;padding: 0px 0px 0px 0px;\"><div class=\"fusion-text fusion-text-1\"><h2><span style=\"color: #0758a8;\"><strong>VALPARAISO &amp; VI\u00d1A DEL MAR<\/strong><\/span><\/h2>\n<h4><span style=\"color: #000000;\"><strong>\u201cLa joya del Pacifico y La Ciudad Jard\u00edn Esperan por ti\u201d<\/strong><\/span><\/h4>\n<\/div><div class=\"fusion-image-carousel fusion-image-carousel-fixed lightbox-enabled\"><div class=\"fusion-carousel\" data-autoplay=\"yes\" data-columns=\"5\" data-itemmargin=\"8\" data-itemwidth=\"180\" data-touchscroll=\"no\" data-imagesize=\"fixed\"><div class=\"fusion-carousel-positioner\"><ul class=\"fusion-carousel-holder\"><li class=\"fusion-carousel-item\"><div class=\"fusion-carousel-item-wrapper\"><div class=\"fusion-image-wrapper hover-type-none\"><a data-rel=\"iLightbox[image_carousel_1]\" data-title=\"Valparaiso_crucero_chico\" aria-label=\"Valparaiso_crucero_chico\" href=\"https:\/\/www.campo-mar.cl\/transporte-turismo\/wp-content\/uploads\/2018\/12\/Valparaiso_crucero_chico.jpg\" target=\"_self\"><img width=\"320\" height=\"202\" src=\"https:\/\/www.campo-mar.cl\/transporte-turismo\/wp-content\/uploads\/2018\/12\/Valparaiso_crucero_chico-320x202.jpg\" class=\"attachment-blog-medium size-blog-medium\" alt=\"\" \/><\/a><\/div><\/div><\/li><li class=\"fusion-carousel-item\"><div class=\"fusion-carousel-item-wrapper\"><div class=\"fusion-image-wrapper hover-type-none\"><a data-rel=\"iLightbox[image_carousel_1]\" data-title=\"reloj vi\u00f1a hd\" aria-label=\"reloj vi\u00f1a hd\" href=\"https:\/\/www.campo-mar.cl\/transporte-turismo\/wp-content\/uploads\/2018\/12\/reloj-vi\u00f1a-hd.jpg\" target=\"_self\"><img width=\"320\" height=\"202\" src=\"https:\/\/www.campo-mar.cl\/transporte-turismo\/wp-content\/uploads\/2018\/12\/reloj-vi\u00f1a-hd-320x202.jpg\" class=\"attachment-blog-medium size-blog-medium\" alt=\"\" \/><\/a><\/div><\/div><\/li><li class=\"fusion-carousel-item\"><div class=\"fusion-carousel-item-wrapper\"><div class=\"fusion-image-wrapper hover-type-none\"><a data-rel=\"iLightbox[image_carousel_1]\" data-title=\"Castillo_Wulff_Valpara\u00edso\" aria-label=\"Castillo_Wulff_Valpara\u00edso\" href=\"https:\/\/www.campo-mar.cl\/transporte-turismo\/wp-content\/uploads\/2018\/12\/Castillo_Wulff_Valpara\u00edso.jpg\" target=\"_self\"><img width=\"320\" height=\"202\" src=\"https:\/\/www.campo-mar.cl\/transporte-turismo\/wp-content\/uploads\/2018\/12\/Castillo_Wulff_Valpara\u00edso-320x202.jpg\" class=\"attachment-blog-medium size-blog-medium\" alt=\"\" \/><\/a><\/div><\/div><\/li><li class=\"fusion-carousel-item\"><div class=\"fusion-carousel-item-wrapper\"><div class=\"fusion-image-wrapper hover-type-none\"><a data-rel=\"iLightbox[image_carousel_1]\" data-title=\"Ascensores valpo\" aria-label=\"Ascensores valpo\" href=\"https:\/\/www.campo-mar.cl\/transporte-turismo\/wp-content\/uploads\/2018\/12\/Ascensores-valpo.jpg\" target=\"_self\"><img width=\"320\" height=\"202\" src=\"https:\/\/www.campo-mar.cl\/transporte-turismo\/wp-content\/uploads\/2018\/12\/Ascensores-valpo-320x202.jpg\" class=\"attachment-blog-medium size-blog-medium\" alt=\"\" srcset=\"https:\/\/www.campo-mar.cl\/transporte-turismo\/wp-content\/uploads\/2018\/12\/Ascensores-valpo-200x126.jpg 200w, https:\/\/www.campo-mar.cl\/transporte-turismo\/wp-content\/uploads\/2018\/12\/Ascensores-valpo-400x251.jpg 400w, https:\/\/www.campo-mar.cl\/transporte-turismo\/wp-content\/uploads\/2018\/12\/Ascensores-valpo-600x377.jpg 600w, https:\/\/www.campo-mar.cl\/transporte-turismo\/wp-content\/uploads\/2018\/12\/Ascensores-valpo-800x503.jpg 800w, https:\/\/www.campo-mar.cl\/transporte-turismo\/wp-content\/uploads\/2018\/12\/Ascensores-valpo-1200x754.jpg 1200w, https:\/\/www.campo-mar.cl\/transporte-turismo\/wp-content\/uploads\/2018\/12\/Ascensores-valpo.jpg 1300w\" sizes=\"(min-width: 2200px) 100vw, (min-width: 1008px) 214px, (min-width: 916px) 267px, (min-width: 824px) 356px, (min-width: 732px) 534px, (min-width: 640px) 732px, \" \/><\/a><\/div><\/div><\/li><li class=\"fusion-carousel-item\"><div class=\"fusion-carousel-item-wrapper\"><div class=\"fusion-image-wrapper hover-type-none\"><a data-rel=\"iLightbox[image_carousel_1]\" data-title=\"en valparaiso\" aria-label=\"en valparaiso\" href=\"https:\/\/www.campo-mar.cl\/transporte-turismo\/wp-content\/uploads\/2018\/12\/en-valparaiso.jpg\" target=\"_self\"><img width=\"320\" height=\"202\" src=\"https:\/\/www.campo-mar.cl\/transporte-turismo\/wp-content\/uploads\/2018\/12\/en-valparaiso-320x202.jpg\" class=\"attachment-blog-medium size-blog-medium\" alt=\"\" \/><\/a><\/div><\/div><\/li><li class=\"fusion-carousel-item\"><div class=\"fusion-carousel-item-wrapper\"><div class=\"fusion-image-wrapper hover-type-none\"><a data-rel=\"iLightbox[image_carousel_1]\" data-title=\"Muelle Vergara\" aria-label=\"Muelle Vergara\" href=\"https:\/\/www.campo-mar.cl\/transporte-turismo\/wp-content\/uploads\/2018\/12\/Muelle-Vergara.jpg\" target=\"_self\"><img width=\"320\" height=\"202\" src=\"https:\/\/www.campo-mar.cl\/transporte-turismo\/wp-content\/uploads\/2018\/12\/Muelle-Vergara-320x202.jpg\" class=\"attachment-blog-medium size-blog-medium\" alt=\"\" \/><\/a><\/div><\/div><\/li><li class=\"fusion-carousel-item\"><div class=\"fusion-carousel-item-wrapper\"><div class=\"fusion-image-wrapper hover-type-none\"><a data-rel=\"iLightbox[image_carousel_1]\" data-title=\"sebastiana valapraiso\" aria-label=\"sebastiana valapraiso\" href=\"https:\/\/www.campo-mar.cl\/transporte-turismo\/wp-content\/uploads\/2020\/05\/sebastiana-valapraiso.jpg\" target=\"_self\"><img width=\"320\" height=\"202\" src=\"https:\/\/www.campo-mar.cl\/transporte-turismo\/wp-content\/uploads\/2020\/05\/sebastiana-valapraiso-320x202.jpg\" class=\"attachment-blog-medium size-blog-medium\" alt=\"\" \/><\/a><\/div><\/div><\/li><li class=\"fusion-carousel-item\"><div class=\"fusion-carousel-item-wrapper\"><div class=\"fusion-image-wrapper hover-type-none\"><a data-rel=\"iLightbox[image_carousel_1]\" data-title=\"quinta vergara\" aria-label=\"quinta vergara\" href=\"https:\/\/www.campo-mar.cl\/transporte-turismo\/wp-content\/uploads\/2020\/05\/quinta-vergara.png\" target=\"_self\"><img width=\"320\" height=\"202\" src=\"https:\/\/www.campo-mar.cl\/transporte-turismo\/wp-content\/uploads\/2020\/05\/quinta-vergara-320x202.png\" class=\"attachment-blog-medium size-blog-medium\" alt=\"\" \/><\/a><\/div><\/div><\/li><\/ul><div class=\"fusion-carousel-nav\"><span class=\"fusion-nav-prev\"><\/span><span class=\"fusion-nav-next\"><\/span><\/div><\/div><\/div><\/div><div class=\"fusion-text fusion-text-2\"><p>Declarada en 2003 por la <strong>UNESCO \u201cPATRIMONIO DE LA HUMANIDAD\u201d<\/strong>. Valpara\u00edso, es uno de los principales puertos de Chile. Es una ciudad m\u00e1gica, con coloridos barrios, empinadas escaleras y pintorescos ascensores, que nos llevaran a hermosos miradores, donde podremos observar paisajes \u00fanicos e inolvidables.<\/p>\n<p>Vi\u00f1a del Mar, conocida tambi\u00e9n como \u201cCiudad Jard\u00edn\u201d, forma parte de las zonas m\u00e1s tur\u00edsticas de Chile. La belleza que ofrece su arquitectura, junto a hermosos y extensos jardines, que conjugan armoniosamente con su larga costanera\u00a0 y sus 13 playas de arenas blancas, que la \u00a0han llevado a convertirse,\u00a0 a trav\u00e9s del tiempo, en la capital tur\u00edstica de chile, denominaci\u00f3n que trasciende nuestras fronteras.<\/p>\n<p>Ubicadas a tan solo 90 minutos de Santiago. Valpara\u00edso y Vi\u00f1a del Mar, sin duda alguna, son un destino que no puedes dejar de conocer.<\/p>\n<p><strong>\u00a0INCLUYE<\/strong><\/p>\n<p>-.? Transporte privado ida y regreso<\/p>\n<p>-.?\u00a0 Snack &#8211; Agua Mineral<\/p>\n<p>-.? Degustaci\u00f3n de vinos<\/p>\n<p>-.?\u200d\u2642\ufe0f Gu\u00eda \/ Coordinador<\/p>\n<p><strong>VISITAREMOS :<\/strong><\/p>\n<ul>\n<li>Degustacion gratis en la Casa del Vino<\/li>\n<li>Casa de Pablo Neruda<\/li>\n<li>Ascensor y miradores<\/li>\n<li>Plaza Sotomayor<\/li>\n<li>Puerto de Valpara\u00edso<\/li>\n<li>Museo Fonk<\/li>\n<li>Reloj de flores<\/li>\n<li>Anfiteatro de la Quinta Vergara<\/li>\n<li>Borde costero<\/li>\n<\/ul>\n<p><strong>NO INCLUYE:<\/strong><\/p>\n<ul>\n<li>Almuerzo<\/li>\n<li>Navegaci\u00f3n por la bah\u00eda (opcional)<\/li>\n<\/ul>\n<p>Duraci\u00f3n: 10 hrs aprox.<\/p>\n<p><strong>\u00a0QUE LLEVAR:<\/strong><\/p>\n<p>-. Ropa c\u00f3moda<\/p>\n<p>-. Traje de ba\u00f1o y toalla<\/p>\n<p>-.Bloqueador solar, lentes<\/p>\n<p><strong>LUGAR DE ENCUENTRO Y SALIDA:<\/strong><\/p>\n<p>08:45 Hrs de presentaci\u00f3n (Bandejon central alameda Metro Los H\u00e9roes. Terminal Centro puerto)<\/p>\n<p>Salida 09:00 Hrs (tiempo m\u00e1ximo de espera 10 minutos)<\/p>\n<p><strong>Valores:<\/strong><\/p>\n<h3><strong>$27.000 p\/p<\/strong><\/h3>\n<h3><span style=\"color: #0000ff;\">Promoci\u00f3n\u00a0<\/span><\/h3>\n<h1><span style=\"color: #ff0000;\">2x $45.000<\/span><\/h1>\n<p><strong>\u00bfC\u00d3MO RESERVAR UN TOUR?<\/strong><br \/>\nPara asegurar tus cupos, puedes reservar abonando con anticipaci\u00f3n $ 10.000 del valor por persona, haciendo un dep\u00f3sito o transferencia bancaria. La diferencia restante se cancela el d\u00eda del viaje (efectivo o tarjeta de d\u00e9bito).<\/p>\n<\/div><div class=\"fusion-clearfix\"><\/div><\/div><\/div><\/div><\/div>\n","protected":false},"excerpt":{"rendered":"","protected":false},"author":1,"featured_media":0,"parent":0,"menu_order":0,"comment_status":"closed","ping_status":"closed","template":"","meta":{"_links_to":"","_links_to_target":""},"_links":{"self":[{"href":"https:\/\/www.campo-mar.cl\/transporte-turismo\/wp-json\/wp\/v2\/pages\/1910"}],"collection":[{"href":"https:\/\/www.campo-mar.cl\/transporte-turismo\/wp-json\/wp\/v2\/pages"}],"about":[{"href":"https:\/\/www.campo-mar.cl\/transporte-turismo\/wp-json\/wp\/v2\/types\/page"}],"author":[{"embeddable":true,"href":"https:\/\/www.campo-mar.cl\/transporte-turismo\/wp-json\/wp\/v2\/users\/1"}],"replies":[{"embeddable":true,"href":"https:\/\/www.campo-mar.cl\/transporte-turismo\/wp-json\/wp\/v2\/comments?post=1910"}],"version-history":[{"count":22,"href":"https:\/\/www.campo-mar.cl\/transporte-turismo\/wp-json\/wp\/v2\/pages\/1910\/revisions"}],"predecessor-version":[{"id":2102,"href":"https:\/\/www.campo-mar.cl\/transporte-turismo\/wp-json\/wp\/v2\/pages\/1910\/revisions\/2102"}],"wp:attachment":[{"href":"https:\/\/www.campo-mar.cl\/transporte-turismo\/wp-json\/wp\/v2\/media?parent=1910"}],"curies":[{"name":"wp","href":"https:\/\/api.w.org\/{rel}","templated":true}]}}