{"id":1876,"date":"2018-12-27T22:51:57","date_gmt":"2018-12-27T22:51:57","guid":{"rendered":"https:\/\/www.campo-mar.cl\/transporte-turismo\/?page_id=1876"},"modified":"2023-02-13T18:49:01","modified_gmt":"2023-02-13T18:49:01","slug":"tour-quintay-magico","status":"publish","type":"page","link":"https:\/\/www.campo-mar.cl\/transporte-turismo\/tour-quintay-magico\/","title":{"rendered":"TOUR QUINTAY MAGICO"},"content":{"rendered":"<div class=\"fusion-fullwidth fullwidth-box fusion-builder-row-1 nonhundred-percent-fullwidth non-hundred-percent-height-scrolling\" style=\"background-color: rgba(255,255,255,0);background-position: center center;background-repeat: no-repeat;padding-top:0px;padding-right:0px;padding-bottom:0px;padding-left:0px;margin-bottom: 0px;border-width: 0px 0px 0px 0px;border-color:#eae9e9;border-style:solid;\" ><div class=\"fusion-builder-row fusion-row\"><div class=\"fusion-layout-column fusion_builder_column fusion-builder-column-0 fusion_builder_column_1_1 1_1 fusion-one-full fusion-column-first fusion-column-last\" style=\"margin-top:-20px;margin-bottom:20px;\"><div class=\"fusion-column-wrapper fusion-flex-column-wrapper-legacy\" style=\"background-position:left top;background-repeat:no-repeat;-webkit-background-size:cover;-moz-background-size:cover;-o-background-size:cover;background-size:cover;padding: 0px 0px 0px 0px;\"><div class=\"fusion-text fusion-text-1\"><h2><span style=\"color: #0758a8;\"><strong>TOUR QUINTAY MAGICO<\/strong><\/span><\/h2>\n<p><strong>Descubre la magia y los encantos Quintay.<\/strong><\/p>\n<\/div><div class=\"fusion-image-carousel fusion-image-carousel-fixed lightbox-enabled\"><div class=\"fusion-carousel\" data-autoplay=\"yes\" data-columns=\"5\" data-itemmargin=\"8\" data-itemwidth=\"180\" data-touchscroll=\"no\" data-imagesize=\"fixed\"><div class=\"fusion-carousel-positioner\"><ul class=\"fusion-carousel-holder\"><li class=\"fusion-carousel-item\"><div class=\"fusion-carousel-item-wrapper\"><div class=\"fusion-image-wrapper hover-type-none\"><a data-rel=\"iLightbox[image_carousel_1]\" data-title=\"Quintay Hd\" aria-label=\"Quintay Hd\" href=\"https:\/\/www.campo-mar.cl\/transporte-turismo\/wp-content\/uploads\/2018\/12\/Quintay-Hd.jpg\" target=\"_self\"><img width=\"320\" height=\"202\" src=\"https:\/\/www.campo-mar.cl\/transporte-turismo\/wp-content\/uploads\/2018\/12\/Quintay-Hd-320x202.jpg\" class=\"attachment-blog-medium size-blog-medium\" alt=\"\" \/><\/a><\/div><\/div><\/li><li class=\"fusion-carousel-item\"><div class=\"fusion-carousel-item-wrapper\"><div class=\"fusion-image-wrapper hover-type-none\"><a data-rel=\"iLightbox[image_carousel_1]\" data-title=\"playa quintay\" aria-label=\"playa quintay\" href=\"https:\/\/www.campo-mar.cl\/transporte-turismo\/wp-content\/uploads\/2018\/12\/playa-quintay.jpg\" target=\"_self\"><img width=\"320\" height=\"202\" src=\"https:\/\/www.campo-mar.cl\/transporte-turismo\/wp-content\/uploads\/2018\/12\/playa-quintay-320x202.jpg\" class=\"attachment-blog-medium size-blog-medium\" alt=\"\" \/><\/a><\/div><\/div><\/li><li class=\"fusion-carousel-item\"><div class=\"fusion-carousel-item-wrapper\"><div class=\"fusion-image-wrapper hover-type-none\"><a data-rel=\"iLightbox[image_carousel_1]\" data-title=\"museo ballenera\" aria-label=\"museo ballenera\" href=\"https:\/\/www.campo-mar.cl\/transporte-turismo\/wp-content\/uploads\/2018\/12\/museo-ballenera.jpg\" target=\"_self\"><img width=\"320\" height=\"202\" src=\"https:\/\/www.campo-mar.cl\/transporte-turismo\/wp-content\/uploads\/2018\/12\/museo-ballenera-320x202.jpg\" class=\"attachment-blog-medium size-blog-medium\" alt=\"\" \/><\/a><\/div><\/div><\/li><li class=\"fusion-carousel-item\"><div class=\"fusion-carousel-item-wrapper\"><div class=\"fusion-image-wrapper hover-type-none\"><a data-rel=\"iLightbox[image_carousel_1]\" data-title=\"Ballenera quintay\" aria-label=\"Ballenera quintay\" href=\"https:\/\/www.campo-mar.cl\/transporte-turismo\/wp-content\/uploads\/2018\/12\/Ballenera-quintay.jpg\" target=\"_self\"><img width=\"320\" height=\"202\" src=\"https:\/\/www.campo-mar.cl\/transporte-turismo\/wp-content\/uploads\/2018\/12\/Ballenera-quintay-320x202.jpg\" class=\"attachment-blog-medium size-blog-medium\" alt=\"\" \/><\/a><\/div><\/div><\/li><li class=\"fusion-carousel-item\"><div class=\"fusion-carousel-item-wrapper\"><div class=\"fusion-image-wrapper hover-type-none\"><a data-rel=\"iLightbox[image_carousel_1]\" data-title=\"camas de cuarzo rosado\" aria-label=\"camas de cuarzo rosado\" href=\"https:\/\/www.campo-mar.cl\/transporte-turismo\/wp-content\/uploads\/2018\/12\/camas-de-cuarzo-rosado.jpg\" target=\"_self\"><img width=\"320\" height=\"202\" src=\"https:\/\/www.campo-mar.cl\/transporte-turismo\/wp-content\/uploads\/2018\/12\/camas-de-cuarzo-rosado-320x202.jpg\" class=\"attachment-blog-medium size-blog-medium\" alt=\"\" \/><\/a><\/div><\/div><\/li><li class=\"fusion-carousel-item\"><div class=\"fusion-carousel-item-wrapper\"><div class=\"fusion-image-wrapper hover-type-none\"><a data-rel=\"iLightbox[image_carousel_1]\" data-title=\"Camas de cuarzo\" aria-label=\"Camas de cuarzo\" href=\"https:\/\/www.campo-mar.cl\/transporte-turismo\/wp-content\/uploads\/2018\/12\/Camas-de-cuarzo.jpg\" target=\"_self\"><img width=\"320\" height=\"202\" src=\"https:\/\/www.campo-mar.cl\/transporte-turismo\/wp-content\/uploads\/2018\/12\/Camas-de-cuarzo-320x202.jpg\" class=\"attachment-blog-medium size-blog-medium\" alt=\"\" \/><\/a><\/div><\/div><\/li><\/ul><div class=\"fusion-carousel-nav\"><span class=\"fusion-nav-prev\"><\/span><span class=\"fusion-nav-next\"><\/span><\/div><\/div><\/div><\/div><div class=\"fusion-text fusion-text-2\"><p>En este hermoso tour recorreremos y visitaremos lugares con historia y deliciosos sabores.<\/p>\n<p>Nuestra aventura comienza saliendo de Santiago a trav\u00e9s de la ruta 68. Atravesaremos el valle de Curacav\u00ed\u00a0 y el \u00a0valle de Casablanca en donde se ubican variadas vi\u00f1as de renombre que forman la ruta del vino. Es en este lugar que haremos nuestra primera parada y visitaremos R\u00edo Tinto. Supermercado del Vino en pleno valle de Casablanca, en el encontraremos gran diversidad de vi\u00f1as de todos los valles del pa\u00eds y artesan\u00edas, entre otros productos.<\/p>\n<p>Continuaremos nuestro viaje hacia Quintay, visitaremos una mina de cuarzo rosado, \u00fanica en Chile. Aqu\u00ed podr\u00e1n recostarse en camas de cuarzo, donde absorber\u00e1n directo de la fuente natural la bioenerg\u00eda, capaz de sanar y reequilibrar su organismo. Tambi\u00e9n podr\u00e1n comprar este mineral a un bajo costo.<\/p>\n<p>A continuaci\u00f3n seguiremos por un camino serpenteante rodeado de bosques, para luego de algunos minutos llegar a la caleta Quintay. Un lugar de pescadores artesanales, conoceremos a su gente y su historia visitando el museo ex ballenera. En caleta Quintay podr\u00e1n almorzar y degustar los productos frescos del mar en alguno de los restaurantes t\u00edpicos del lugar (por cuenta del pasajero).<\/p>\n<p>Finalizaremos nuestro tour visitando la playa grande de Quintay \u00a0distante a unos 3 kil\u00f3metros desde la caleta. Ah\u00ed encontraremos una playa de finas y blancas arenas rodeada de acantilados y\u00a0 bosques de pino. Lugar ideal para descansar o fotografiarse y tener un lindo recuerdo de este m\u00e1gico lugar.<\/p>\n<p><strong>INCLUYE<\/strong><\/p>\n<p>-.? Transporte privado ida y regreso.<\/p>\n<p>-. Entradas: Rio Tinto \u2013 Mina de Cuarzo \u2013 Museo Ballenera.<\/p>\n<p>-.? Degustaci\u00f3n de vinos.<\/p>\n<p>-.?\u00a0 Snack \u2013 Agua Mineral.<\/p>\n<p>-.?\u200d\u2642\ufe0f\u00a0 Gu\u00eda \/ Coordinador.<\/p>\n<p>Duraci\u00f3n\u00a0 : 10 hrs aprox<\/p>\n<p><strong>\u00a0OPCIONALES NO INCLUIDOS:<\/strong><\/p>\n<p>-. Clases de buceo.<\/p>\n<p>-. Vuelta en lancha por la bah\u00eda.<\/p>\n<p><strong>QUE LLEVAR:<\/strong><\/p>\n<p>-. Ropa c\u00f3moda<\/p>\n<p>-. Traje de ba\u00f1o y toalla<\/p>\n<p>-. Bloqueador solar, lentes<\/p>\n<p><strong>LUGAR DE ENCUENTRO Y SALIDA:<\/strong><\/p>\n<p><strong>08:45<\/strong>\u00a0Hrs de presentaci\u00f3n (Bandejon central alameda Metro Los H\u00e9roes. Terminal Centro puerto).<\/p>\n<p>Salida\u00a0<strong>09:00<\/strong>\u00a0Hrs (tiempo m\u00e1ximo de espera 10 minutos).<\/p>\n<h3><strong>Valores:<\/strong><\/h3>\n<p><strong>$40.000 p\/p<\/strong><\/p>\n<h3><span style=\"color: #0000ff;\">Promoci\u00f3n\u00a0<\/span><\/h3>\n<h2><span style=\"color: #ff0000;\">2x $70.000<\/span><\/h2>\n<p><strong>\u00bfC\u00d3MO RESERVAR UN TOUR?<\/strong><br \/>\nPara asegurar tus cupos, puedes reservar abonando con anticipaci\u00f3n $ 10.000 del valor por persona, haciendo un dep\u00f3sito o transferencia bancaria. La diferencia restante se cancela el d\u00eda del viaje (efectivo o tarjeta de debito).<\/p>\n<\/div><div class=\"fusion-clearfix\"><\/div><\/div><\/div><\/div><\/div>\n","protected":false},"excerpt":{"rendered":"","protected":false},"author":1,"featured_media":0,"parent":0,"menu_order":0,"comment_status":"closed","ping_status":"closed","template":"","meta":{"_links_to":"","_links_to_target":""},"_links":{"self":[{"href":"https:\/\/www.campo-mar.cl\/transporte-turismo\/wp-json\/wp\/v2\/pages\/1876"}],"collection":[{"href":"https:\/\/www.campo-mar.cl\/transporte-turismo\/wp-json\/wp\/v2\/pages"}],"about":[{"href":"https:\/\/www.campo-mar.cl\/transporte-turismo\/wp-json\/wp\/v2\/types\/page"}],"author":[{"embeddable":true,"href":"https:\/\/www.campo-mar.cl\/transporte-turismo\/wp-json\/wp\/v2\/users\/1"}],"replies":[{"embeddable":true,"href":"https:\/\/www.campo-mar.cl\/transporte-turismo\/wp-json\/wp\/v2\/comments?post=1876"}],"version-history":[{"count":20,"href":"https:\/\/www.campo-mar.cl\/transporte-turismo\/wp-json\/wp\/v2\/pages\/1876\/revisions"}],"predecessor-version":[{"id":2150,"href":"https:\/\/www.campo-mar.cl\/transporte-turismo\/wp-json\/wp\/v2\/pages\/1876\/revisions\/2150"}],"wp:attachment":[{"href":"https:\/\/www.campo-mar.cl\/transporte-turismo\/wp-json\/wp\/v2\/media?parent=1876"}],"curies":[{"name":"wp","href":"https:\/\/api.w.org\/{rel}","templated":true}]}}